{"id":1527,"date":"2023-01-25T11:56:34","date_gmt":"2023-01-25T11:56:34","guid":{"rendered":"https:\/\/29e4aaa2-b025-48da-b57e-79ef59e549ee.eu02.conves.io\/?page_id=1527"},"modified":"2024-01-11T20:58:48","modified_gmt":"2024-01-11T20:58:48","slug":"about","status":"publish","type":"page","link":"https:\/\/agroeco-project.eu\/fi\/about\/","title":{"rendered":"About"},"content":{"rendered":"<div data-elementor-type=\"wp-page\" data-elementor-id=\"1527\" class=\"elementor elementor-1527\">\n\t\t\t\t\t\t<section class=\"has_eae_slider elementor-section elementor-top-section elementor-element elementor-element-72a59e7 elementor-section-boxed elementor-section-height-default elementor-section-height-default\" data-eae-slider=\"40\" data-id=\"72a59e7\" data-element_type=\"section\" data-e-type=\"section\">\n\t\t\t\t\t\t<div class=\"elementor-container elementor-column-gap-default\">\n\t\t\t\t\t<div class=\"has_eae_slider elementor-column elementor-col-100 elementor-top-column elementor-element elementor-element-3ec3451\" data-eae-slider=\"89532\" data-id=\"3ec3451\" data-element_type=\"column\" data-e-type=\"column\">\n\t\t\t<div class=\"elementor-widget-wrap elementor-element-populated\">\n\t\t\t\t\t\t<div class=\"elementor-element elementor-element-178408b elementor-widget elementor-widget-heading\" data-id=\"178408b\" data-element_type=\"widget\" data-e-type=\"widget\" data-widget_type=\"heading.default\">\n\t\t\t\t<div class=\"elementor-widget-container\">\n\t\t\t\t\t<h2 class=\"elementor-heading-title elementor-size-default\">Tarinamme<\/h2>\t\t\t\t<\/div>\n\t\t\t\t<\/div>\n\t\t\t\t\t<\/div>\n\t\t<\/div>\n\t\t\t\t\t<\/div>\n\t\t<\/section>\n\t\t\t\t<section class=\"has_eae_slider elementor-section elementor-top-section elementor-element elementor-element-6dee5ae elementor-section-full_width elementor-section-height-default elementor-section-height-default\" data-eae-slider=\"85695\" data-id=\"6dee5ae\" data-element_type=\"section\" data-e-type=\"section\" data-settings=\"{&quot;background_background&quot;:&quot;classic&quot;}\">\n\t\t\t\t\t\t<div class=\"elementor-container elementor-column-gap-default\">\n\t\t\t\t\t<div class=\"has_eae_slider elementor-column elementor-col-100 elementor-top-column elementor-element elementor-element-0a0ee8f\" data-eae-slider=\"94852\" data-id=\"0a0ee8f\" data-element_type=\"column\" data-e-type=\"column\">\n\t\t\t<div class=\"elementor-widget-wrap elementor-element-populated\">\n\t\t\t\t\t\t<div class=\"elementor-element elementor-element-752c821 elementor-widget elementor-widget-text-editor\" data-id=\"752c821\" data-element_type=\"widget\" data-e-type=\"widget\" data-widget_type=\"text-editor.default\">\n\t\t\t\t<div class=\"elementor-widget-container\">\n\t\t\t\t\t\t\t\t\t<p>AGROECO on rohkea askel kohti kest\u00e4vien maatalousk\u00e4yt\u00e4nt\u00f6jen ja nuorten yritt\u00e4jyyden yhdist\u00e4mist\u00e4. Erasmus+-ohjelman tuella k\u00e4ynnistetty hankkeemme on osoitus siit\u00e4, ett\u00e4 koulutuksen, innovoinnin ja kest\u00e4v\u00e4n kehityksen yhdist\u00e4misell\u00e4 voidaan saada aikaan merkitt\u00e4v\u00e4\u00e4 muutosta maatalousalalla.<\/p>\t\t\t\t\t\t\t\t<\/div>\n\t\t\t\t<\/div>\n\t\t\t\t<div class=\"elementor-element elementor-element-97f282d elementor-widget elementor-widget-wts-AnimatedText\" data-id=\"97f282d\" data-element_type=\"widget\" data-e-type=\"widget\" data-widget_type=\"wts-AnimatedText.default\">\n\t\t\t\t<div class=\"elementor-widget-container\">\n\t\t\t\t\t\t\t\t<div id=\"eae-at-97f282d\" class=\"eae-animtext-wrapper\">\n\t\t\t\t<div class=\"eae-at-animation type letters\">\n\t\t\t\t\t<span class=\"eae-at-pre-text\">Teht\u00e4v\u00e4<\/span>\n\t\t\t\t\t\t\t\t\t\t\t\t\t<span class=\"eae-at-animation-text-wrapper waiting\">\n\t\t\t\t\t\t\t\t\n\t\t\t\t\t\t\t\t\t<span class=\"eae-at-animation-text\">Lausunto<\/span>\n\n\t\t\t\t\t\t\t\t\t\t\t\t\t\t\t\t<\/span>\n\t\t\t\t\t\t\t\t\t\t\t\t<span class=\"eae-at-post-text\"><\/span>\n\t\t\t\t<\/div>\n\t\t\t<\/div>\n\t\t\t<script>\n\t\t\t\tjQuery(document).trigger('elementor\/render\/animation-text',\"#eae-at-97f282d\");\n\n\t\t\t\tjQuery(document).ready(function(){\n\t\t\t\t\tjQuery(document).trigger('elementor\/render\/animation-text',\"#eae-at-97f282d\");\n\t\t\t\t});\n\t\t\t<\/script>\n\t\t\t\t\t\t<\/div>\n\t\t\t\t<\/div>\n\t\t\t\t<div class=\"elementor-element elementor-element-f822f55 elementor-widget-divider--view-line elementor-widget elementor-widget-divider\" data-id=\"f822f55\" data-element_type=\"widget\" data-e-type=\"widget\" data-widget_type=\"divider.default\">\n\t\t\t\t<div class=\"elementor-widget-container\">\n\t\t\t\t\t\t\t<div class=\"elementor-divider\">\n\t\t\t<span class=\"elementor-divider-separator\">\n\t\t\t\t\t\t<\/span>\n\t\t<\/div>\n\t\t\t\t\t\t<\/div>\n\t\t\t\t<\/div>\n\t\t\t\t<div class=\"elementor-element elementor-element-b94a7a9 elementor-widget elementor-widget-text-editor\" data-id=\"b94a7a9\" data-element_type=\"widget\" data-e-type=\"widget\" data-widget_type=\"text-editor.default\">\n\t\t\t\t<div class=\"elementor-widget-container\">\n\t\t\t\t\t\t\t\t\t<p>Teht\u00e4v\u00e4mme on antaa maaseudun nuorille Suomessa, Italiassa, Marokossa ja Egyptiss\u00e4 mahdollisuus osallistua toimintaan kattavan agroekologisen koulutuksen ja yritt\u00e4jyyskoulutuksen avulla. Tavoitteenamme on antaa heille tarvittavat taidot ja tiedot, joiden avulla he voivat olla edell\u00e4k\u00e4vij\u00f6it\u00e4 kest\u00e4v\u00e4ss\u00e4 maataloudessa ja edist\u00e4\u00e4 paikallista talouttaan.\"<\/p><p>Lue lis\u00e4\u00e4 AGROECOn matkasta, saavutuksistamme ja jatkuvasta sitoutumisestamme kest\u00e4v\u00e4\u00e4n tulevaisuuteen. Kutsumme sinut tutustumaan verkkosivuihimme ja kuulemaan, miten vaikutamme maaseutunuorten ja maatalousalan el\u00e4m\u00e4\u00e4n.<\/p>\t\t\t\t\t\t\t\t<\/div>\n\t\t\t\t<\/div>\n\t\t\t\t\t<\/div>\n\t\t<\/div>\n\t\t\t\t\t<\/div>\n\t\t<\/section>\n\t\t\t\t<\/div>","protected":false},"excerpt":{"rendered":"<p>Tarinamme AGROECO on rohkea askel kohti kest\u00e4v\u00e4n maatalouden k\u00e4yt\u00e4nt\u00f6jen ja nuorten yritt\u00e4jyyden yhdist\u00e4mist\u00e4. Erasmus+-ohjelman tuella k\u00e4ynnistetty hankkeemme on...<\/p>","protected":false},"author":1,"featured_media":0,"parent":0,"menu_order":0,"comment_status":"closed","ping_status":"closed","template":"","meta":{"footnotes":""},"class_list":["post-1527","page","type-page","status-publish","hentry"],"_links":{"self":[{"href":"https:\/\/agroeco-project.eu\/fi\/wp-json\/wp\/v2\/pages\/1527","targetHints":{"allow":["GET"]}}],"collection":[{"href":"https:\/\/agroeco-project.eu\/fi\/wp-json\/wp\/v2\/pages"}],"about":[{"href":"https:\/\/agroeco-project.eu\/fi\/wp-json\/wp\/v2\/types\/page"}],"author":[{"embeddable":true,"href":"https:\/\/agroeco-project.eu\/fi\/wp-json\/wp\/v2\/users\/1"}],"replies":[{"embeddable":true,"href":"https:\/\/agroeco-project.eu\/fi\/wp-json\/wp\/v2\/comments?post=1527"}],"version-history":[{"count":48,"href":"https:\/\/agroeco-project.eu\/fi\/wp-json\/wp\/v2\/pages\/1527\/revisions"}],"predecessor-version":[{"id":2294,"href":"https:\/\/agroeco-project.eu\/fi\/wp-json\/wp\/v2\/pages\/1527\/revisions\/2294"}],"wp:attachment":[{"href":"https:\/\/agroeco-project.eu\/fi\/wp-json\/wp\/v2\/media?parent=1527"}],"curies":[{"name":"wp","href":"https:\/\/api.w.org\/{rel}","templated":true}]}}