{"id":1532,"date":"2023-01-25T11:59:16","date_gmt":"2023-01-25T11:59:16","guid":{"rendered":"https:\/\/29e4aaa2-b025-48da-b57e-79ef59e549ee.eu02.conves.io\/?page_id=1532"},"modified":"2025-10-08T12:43:24","modified_gmt":"2025-10-08T12:43:24","slug":"objectives","status":"publish","type":"page","link":"https:\/\/agroeco-project.eu\/fi\/objectives\/","title":{"rendered":"Tavoitteet"},"content":{"rendered":"<div data-elementor-type=\"wp-page\" data-elementor-id=\"1532\" class=\"elementor elementor-1532\">\n\t\t\t\t\t\t<section class=\"has_eae_slider elementor-section elementor-top-section elementor-element elementor-element-d3517cd elementor-section-boxed elementor-section-height-default elementor-section-height-default\" data-eae-slider=\"27197\" data-id=\"d3517cd\" data-element_type=\"section\" data-e-type=\"section\">\n\t\t\t\t\t\t<div class=\"elementor-container elementor-column-gap-default\">\n\t\t\t\t\t<div class=\"has_eae_slider elementor-column elementor-col-100 elementor-top-column elementor-element elementor-element-5da4381\" data-eae-slider=\"10924\" data-id=\"5da4381\" data-element_type=\"column\" data-e-type=\"column\">\n\t\t\t<div class=\"elementor-widget-wrap elementor-element-populated\">\n\t\t\t\t\t\t<div class=\"elementor-element elementor-element-33478f7 elementor-widget elementor-widget-heading\" data-id=\"33478f7\" data-element_type=\"widget\" data-e-type=\"widget\" data-widget_type=\"heading.default\">\n\t\t\t\t<div class=\"elementor-widget-container\">\n\t\t\t\t\t<h2 class=\"elementor-heading-title elementor-size-default\">Tavoitteet<\/h2>\t\t\t\t<\/div>\n\t\t\t\t<\/div>\n\t\t\t\t\t<\/div>\n\t\t<\/div>\n\t\t\t\t\t<\/div>\n\t\t<\/section>\n\t\t\t\t<section class=\"has_eae_slider elementor-section elementor-top-section elementor-element elementor-element-75ba467 elementor-section-full_width elementor-section-height-default elementor-section-height-default\" data-eae-slider=\"21337\" data-id=\"75ba467\" data-element_type=\"section\" data-e-type=\"section\" data-settings=\"{&quot;background_background&quot;:&quot;classic&quot;}\">\n\t\t\t\t\t\t<div class=\"elementor-container elementor-column-gap-default\">\n\t\t\t\t\t<div class=\"has_eae_slider elementor-column elementor-col-100 elementor-top-column elementor-element elementor-element-668cad1\" data-eae-slider=\"56293\" data-id=\"668cad1\" data-element_type=\"column\" data-e-type=\"column\">\n\t\t\t<div class=\"elementor-widget-wrap elementor-element-populated\">\n\t\t\t\t\t\t<div class=\"elementor-element elementor-element-8a7ce33 elementor-widget elementor-widget-text-editor\" data-id=\"8a7ce33\" data-element_type=\"widget\" data-e-type=\"widget\" data-widget_type=\"text-editor.default\">\n\t\t\t\t<div class=\"elementor-widget-container\">\n\t\t\t\t\t\t\t\t\t<p>Suomen, Italian, Marokon ja Egyptin maaseutuyhteis\u00f6jen syd\u00e4mess\u00e4 avautuu tarina muutoksesta ja voimaantumisesta. AGROECO on enemm\u00e4n kuin hanke, se on matka tiedon ja innovaatioiden kautta. Henkiset tuotoksemme - kansallinen raportti, hyvien k\u00e4yt\u00e4nt\u00f6jen raportti, koulutusmuoto ja k\u00e4sikirja - ovat t\u00e4m\u00e4n innostavan matkan osia.<\/p>\t\t\t\t\t\t\t\t<\/div>\n\t\t\t\t<\/div>\n\t\t\t\t\t<\/div>\n\t\t<\/div>\n\t\t\t\t\t<\/div>\n\t\t<\/section>\n\t\t<div class=\"has_eae_slider elementor-element elementor-element-9f3623a e-flex e-con-boxed e-con e-parent\" data-eae-slider=\"16912\" data-id=\"9f3623a\" data-element_type=\"container\" data-e-type=\"container\">\n\t\t\t\t\t<div class=\"e-con-inner\">\n\t\t\t\t\t<\/div>\n\t\t\t\t<\/div>\n\t\t<div class=\"has_eae_slider elementor-element elementor-element-0bfacaa e-flex e-con-boxed e-con e-parent\" data-eae-slider=\"25778\" data-id=\"0bfacaa\" data-element_type=\"container\" data-e-type=\"container\">\n\t\t\t\t\t<div class=\"e-con-inner\">\n\t\t<div class=\"has_eae_slider elementor-element elementor-element-22a24d1 e-flex e-con-boxed e-con e-child\" data-eae-slider=\"19471\" data-id=\"22a24d1\" data-element_type=\"container\" data-e-type=\"container\">\n\t\t\t\t\t<div class=\"e-con-inner\">\n\t\t\t\t<div class=\"elementor-element elementor-element-40846a2 elementor-widget-divider--separator-type-pattern elementor-widget-divider--no-spacing elementor-widget-divider--view-line elementor-widget elementor-widget-divider\" data-id=\"40846a2\" data-element_type=\"widget\" data-e-type=\"widget\" data-widget_type=\"divider.default\">\n\t\t\t\t<div class=\"elementor-widget-container\">\n\t\t\t\t\t\t\t<div class=\"elementor-divider\" style=\"--divider-pattern-url: url(&quot;data:image\/svg+xml,%3Csvg xmlns=&#039;http:\/\/www.w3.org\/2000\/svg&#039; preserveAspectRatio=&#039;xMidYMid meet&#039; overflow=&#039;visible&#039; height=&#039;100%&#039; viewBox=&#039;0 0 126 26&#039; fill=&#039;black&#039; stroke=&#039;none&#039;%3E%3Cpath d=&#039;M3,10.2c2.6,0,2.6,2,2.6,3.2S4.4,16.5,3,16.5s-3-1.4-3-3.2S0.4,10.2,3,10.2z M18.8,10.2c1.7,0,3.2,1.4,3.2,3.2s-1.4,3.2-3.2,3.2c-1.7,0-3.2-1.4-3.2-3.2S17,10.2,18.8,10.2z M34.6,10.2c1.5,0,2.6,1.4,2.6,3.2s-0.5,3.2-1.9,3.2c-1.5,0-3.4-1.4-3.4-3.2S33.1,10.2,34.6,10.2z M50.5,10.2c1.7,0,3.2,1.4,3.2,3.2s-1.4,3.2-3.2,3.2c-1.7,0-3.3-0.9-3.3-2.6S48.7,10.2,50.5,10.2z M66.2,10.2c1.5,0,3.4,1.4,3.4,3.2s-1.9,3.2-3.4,3.2c-1.5,0-2.6-0.4-2.6-2.1S64.8,10.2,66.2,10.2z M82.2,10.2c1.7,0.8,2.6,1.4,2.6,3.2s-0.1,3.2-1.6,3.2c-1.5,0-3.7-1.4-3.7-3.2S80.5,9.4,82.2,10.2zM98.6,10.2c1.5,0,2.6,0.4,2.6,2.1s-1.2,4.2-2.6,4.2c-1.5,0-3.7-0.4-3.7-2.1S97.1,10.2,98.6,10.2z M113.4,10.2c1.2,0,2.2,0.9,2.2,3.2s-0.1,3.2-1.3,3.2s-3.1-1.4-3.1-3.2S112.2,10.2,113.4,10.2z&#039;\/%3E%3C\/svg%3E&quot;);\">\n\t\t\t<span class=\"elementor-divider-separator\">\n\t\t\t\t\t\t<\/span>\n\t\t<\/div>\n\t\t\t\t\t\t<\/div>\n\t\t\t\t<\/div>\n\t\t\t\t\t<\/div>\n\t\t\t\t<\/div>\n\t\t\t\t\t<\/div>\n\t\t\t\t<\/div>\n\t\t\t\t<section class=\"has_eae_slider elementor-section elementor-top-section elementor-element elementor-element-be8b287 elementor-section-full_width elementor-section-height-default elementor-section-height-default\" data-eae-slider=\"29087\" data-id=\"be8b287\" data-element_type=\"section\" data-e-type=\"section\" data-settings=\"{&quot;background_background&quot;:&quot;classic&quot;}\">\n\t\t\t\t\t\t<div class=\"elementor-container elementor-column-gap-default\">\n\t\t\t\t\t<div class=\"has_eae_slider elementor-column elementor-col-100 elementor-top-column elementor-element elementor-element-ee21998\" data-eae-slider=\"56242\" data-id=\"ee21998\" data-element_type=\"column\" data-e-type=\"column\">\n\t\t\t<div class=\"elementor-widget-wrap elementor-element-populated\">\n\t\t\t\t<div class=\"has_eae_slider elementor-element elementor-element-f72ea43 e-flex e-con-boxed e-con e-parent\" data-eae-slider=\"34916\" data-id=\"f72ea43\" data-element_type=\"container\" data-e-type=\"container\">\n\t\t\t\t\t<div class=\"e-con-inner\">\n\t\t<div class=\"has_eae_slider elementor-element elementor-element-1f87e3b e-con-full e-flex e-con e-child\" data-eae-slider=\"34806\" data-id=\"1f87e3b\" data-element_type=\"container\" data-e-type=\"container\">\n\t\t\t\t<div class=\"elementor-element elementor-element-6c1528c elementor-widget elementor-widget-image\" data-id=\"6c1528c\" data-element_type=\"widget\" data-e-type=\"widget\" data-widget_type=\"image.default\">\n\t\t\t\t<div class=\"elementor-widget-container\">\n\t\t\t\t\t\t\t\t\t\t\t\t\t\t\t<img fetchpriority=\"high\" decoding=\"async\" width=\"512\" height=\"512\" src=\"https:\/\/agroeco-project.eu\/wp-content\/uploads\/2024\/01\/analytics.png\" class=\"attachment-large size-large wp-image-2261\" alt=\"\" srcset=\"https:\/\/agroeco-project.eu\/wp-content\/uploads\/2024\/01\/analytics.png 512w, https:\/\/agroeco-project.eu\/wp-content\/uploads\/2024\/01\/analytics-300x300.png 300w, https:\/\/agroeco-project.eu\/wp-content\/uploads\/2024\/01\/analytics-150x150.png 150w, https:\/\/agroeco-project.eu\/wp-content\/uploads\/2024\/01\/analytics-12x12.png 12w\" sizes=\"(max-width: 512px) 100vw, 512px\" \/>\t\t\t\t\t\t\t\t\t\t\t\t\t\t\t<\/div>\n\t\t\t\t<\/div>\n\t\t\t\t<\/div>\n\t\t<div class=\"has_eae_slider elementor-element elementor-element-76834ca e-con-full e-flex e-con e-child\" data-eae-slider=\"13881\" data-id=\"76834ca\" data-element_type=\"container\" data-e-type=\"container\">\n\t\t\t\t<div class=\"elementor-element elementor-element-92ef6f4 elementor-widget elementor-widget-text-editor\" data-id=\"92ef6f4\" data-element_type=\"widget\" data-e-type=\"widget\" data-widget_type=\"text-editor.default\">\n\t\t\t\t<div class=\"elementor-widget-container\">\n\t\t\t\t\t\t\t\t\t<p><strong>Kansallinen raportti<\/strong><\/p><p><em><u>Maaprofiilit:<\/u><\/em> T\u00e4ss\u00e4 raportissa esitet\u00e4\u00e4n kattava analyysi kunkin osallistujamaan maatalous- ja nuorisoty\u00f6llisyydest\u00e4. Siin\u00e4 tuodaan esiin Suomen, Italian, Marokon ja Egyptin erityiset kest\u00e4v\u00e4n maatalouden haasteet ja mahdollisuudet.<\/p><p><em><u>T\u00e4rkeimm\u00e4t tiedot:<\/u><\/em> Raportissa tarkastellaan yksityiskohtaisesti tietojen ja paikallisten havaintojen perusteella, miten kukin maa selviytyy nykyaikaisen maatalouden ja nuorten osallistumisen monimutkaisista kysymyksist\u00e4.<\/p>\t\t\t\t\t\t\t\t<\/div>\n\t\t\t\t<\/div>\n\t\t\t\t<\/div>\n\t\t\t\t\t<\/div>\n\t\t\t\t<\/div>\n\t\t<div class=\"has_eae_slider elementor-element elementor-element-c1b4315 e-flex e-con-boxed e-con e-parent\" data-eae-slider=\"46650\" data-id=\"c1b4315\" data-element_type=\"container\" data-e-type=\"container\">\n\t\t\t\t\t<div class=\"e-con-inner\">\n\t\t<div class=\"has_eae_slider elementor-element elementor-element-85e8201 e-con-full e-flex e-con e-child\" data-eae-slider=\"89280\" data-id=\"85e8201\" data-element_type=\"container\" data-e-type=\"container\">\n\t\t\t\t<div class=\"elementor-element elementor-element-a81eb9d elementor-widget elementor-widget-image\" data-id=\"a81eb9d\" data-element_type=\"widget\" data-e-type=\"widget\" data-widget_type=\"image.default\">\n\t\t\t\t<div class=\"elementor-widget-container\">\n\t\t\t\t\t\t\t\t\t\t\t\t\t\t\t<img decoding=\"async\" width=\"512\" height=\"512\" src=\"https:\/\/agroeco-project.eu\/wp-content\/uploads\/2024\/01\/report-2.png\" class=\"attachment-large size-large wp-image-2260\" alt=\"\" srcset=\"https:\/\/agroeco-project.eu\/wp-content\/uploads\/2024\/01\/report-2.png 512w, https:\/\/agroeco-project.eu\/wp-content\/uploads\/2024\/01\/report-2-300x300.png 300w, https:\/\/agroeco-project.eu\/wp-content\/uploads\/2024\/01\/report-2-150x150.png 150w, https:\/\/agroeco-project.eu\/wp-content\/uploads\/2024\/01\/report-2-12x12.png 12w\" sizes=\"(max-width: 512px) 100vw, 512px\" \/>\t\t\t\t\t\t\t\t\t\t\t\t\t\t\t<\/div>\n\t\t\t\t<\/div>\n\t\t\t\t<\/div>\n\t\t<div class=\"has_eae_slider elementor-element elementor-element-d5f409f e-con-full e-flex e-con e-child\" data-eae-slider=\"76642\" data-id=\"d5f409f\" data-element_type=\"container\" data-e-type=\"container\">\n\t\t\t\t<div class=\"elementor-element elementor-element-bfcaf98 elementor-widget elementor-widget-text-editor\" data-id=\"bfcaf98\" data-element_type=\"widget\" data-e-type=\"widget\" data-widget_type=\"text-editor.default\">\n\t\t\t\t<div class=\"elementor-widget-container\">\n\t\t\t\t\t\t\t\t\t<p><strong>Hyvi\u00e4 k\u00e4yt\u00e4nt\u00f6j\u00e4 koskeva kertomus<\/strong><\/p><p><em><u>Parhaiden k\u00e4yt\u00e4nt\u00f6jen kokoelma:<\/u><\/em> T\u00e4h\u00e4n raporttiin on koottu tehokkaita vihre\u00e4n yritt\u00e4jyyden ja digitaalisen markkinoinnin strategioita kustakin maasta. Se toimii apuv\u00e4lineen\u00e4, jonka avulla voidaan ymm\u00e4rt\u00e4\u00e4, mik\u00e4 toimii eri maatalousymp\u00e4rist\u00f6iss\u00e4.<\/p><p><em><u>Menestyksest\u00e4 oppiminen:<\/u><\/em> Raportissa esitet\u00e4\u00e4n yksityiskohtaisia tapaustutkimuksia ja esimerkkej\u00e4 onnistuneista kest\u00e4vist\u00e4 k\u00e4yt\u00e4nn\u00f6ist\u00e4, ja siin\u00e4 annetaan k\u00e4yt\u00e4nn\u00f6n n\u00e4kemyksi\u00e4 monistamista ja mukauttamista varten.<\/p>\t\t\t\t\t\t\t\t<\/div>\n\t\t\t\t<\/div>\n\t\t\t\t<\/div>\n\t\t\t\t\t<\/div>\n\t\t\t\t<\/div>\n\t\t<div class=\"has_eae_slider elementor-element elementor-element-9f9d70b e-flex e-con-boxed e-con e-parent\" data-eae-slider=\"85487\" data-id=\"9f9d70b\" data-element_type=\"container\" data-e-type=\"container\">\n\t\t\t\t\t<div class=\"e-con-inner\">\n\t\t<div class=\"has_eae_slider elementor-element elementor-element-fe82ab9 e-con-full e-flex e-con e-child\" data-eae-slider=\"51786\" data-id=\"fe82ab9\" data-element_type=\"container\" data-e-type=\"container\">\n\t\t\t\t<div class=\"elementor-element elementor-element-4a81245 elementor-widget elementor-widget-image\" data-id=\"4a81245\" data-element_type=\"widget\" data-e-type=\"widget\" data-widget_type=\"image.default\">\n\t\t\t\t<div class=\"elementor-widget-container\">\n\t\t\t\t\t\t\t\t\t\t\t\t\t\t\t<img decoding=\"async\" width=\"512\" height=\"512\" src=\"https:\/\/agroeco-project.eu\/wp-content\/uploads\/2023\/07\/manual.png\" class=\"attachment-large size-large wp-image-2081\" alt=\"\" \/>\t\t\t\t\t\t\t\t\t\t\t\t\t\t\t<\/div>\n\t\t\t\t<\/div>\n\t\t\t\t<\/div>\n\t\t<div class=\"has_eae_slider elementor-element elementor-element-4cee855 e-con-full e-flex e-con e-child\" data-eae-slider=\"4029\" data-id=\"4cee855\" data-element_type=\"container\" data-e-type=\"container\">\n\t\t\t\t<div class=\"elementor-element elementor-element-30f098b elementor-widget elementor-widget-button\" data-id=\"30f098b\" data-element_type=\"widget\" data-e-type=\"widget\" data-widget_type=\"button.default\">\n\t\t\t\t<div class=\"elementor-widget-container\">\n\t\t\t\t\t\t\t\t\t<div class=\"elementor-button-wrapper\">\n\t\t\t\t\t<a class=\"elementor-button elementor-button-link elementor-size-sm\" href=\"https:\/\/agroeco-project.eu\/wp-content\/uploads\/2025\/10\/AGROECO-Training-Format-Finnish.pdf\">\n\t\t\t\t\t\t<span class=\"elementor-button-content-wrapper\">\n\t\t\t\t\t\t\t\t\t<span class=\"elementor-button-text\">Lataa koulutuslomake<\/span>\n\t\t\t\t\t<\/span>\n\t\t\t\t\t<\/a>\n\t\t\t\t<\/div>\n\t\t\t\t\t\t\t\t<\/div>\n\t\t\t\t<\/div>\n\t\t\t\t<\/div>\n\t\t<div class=\"has_eae_slider elementor-element elementor-element-2ebed53 e-con-full e-flex e-con e-child\" data-eae-slider=\"71256\" data-id=\"2ebed53\" data-element_type=\"container\" data-e-type=\"container\">\n\t\t\t\t<div class=\"elementor-element elementor-element-dbc7cb7 elementor-widget elementor-widget-text-editor\" data-id=\"dbc7cb7\" data-element_type=\"widget\" data-e-type=\"widget\" data-widget_type=\"text-editor.default\">\n\t\t\t\t<div class=\"elementor-widget-container\">\n\t\t\t\t\t\t\t\t\t<p><strong>Koulutuksen muoto<\/strong><\/p><p><em><u>Kattava opas:<\/u><\/em> Koulutusmuoto on metodologinen opas, joka tarjoaa yhdistelm\u00e4n ep\u00e4virallisia koulutusmenetelmi\u00e4, joissa keskityt\u00e4\u00e4n kest\u00e4v\u00e4\u00e4n ja maatalousyritt\u00e4jyyteen. Se on r\u00e4\u00e4t\u00e4l\u00f6ity nuorille ty\u00f6ntekij\u00f6ille ja sis\u00e4lt\u00e4\u00e4 monipuolisia koulutusv\u00e4lineit\u00e4.<\/p><p><em><u>Ty\u00f6kalut ja menetelm\u00e4t:<\/u><\/em> Se sis\u00e4lt\u00e4\u00e4 erilaisia oppimateriaaleja, kuten ty\u00f6pajoja, harjoituksia, videoita ja tarinankerrontaa, joiden tarkoituksena on antaa nuorille ty\u00f6ntekij\u00f6ille olennaisia taitoja ja tietoja.<\/p>\t\t\t\t\t\t\t\t<\/div>\n\t\t\t\t<\/div>\n\t\t\t\t<\/div>\n\t\t\t\t\t<\/div>\n\t\t\t\t<\/div>\n\t\t<div class=\"has_eae_slider elementor-element elementor-element-38d08d1 e-flex e-con-boxed e-con e-parent\" data-eae-slider=\"94095\" data-id=\"38d08d1\" data-element_type=\"container\" data-e-type=\"container\">\n\t\t\t\t\t<div class=\"e-con-inner\">\n\t\t<div class=\"has_eae_slider elementor-element elementor-element-4788866 e-con-full e-flex e-con e-child\" data-eae-slider=\"27403\" data-id=\"4788866\" data-element_type=\"container\" data-e-type=\"container\">\n\t\t\t\t<div class=\"elementor-element elementor-element-1feedac elementor-widget elementor-widget-image\" data-id=\"1feedac\" data-element_type=\"widget\" data-e-type=\"widget\" data-widget_type=\"image.default\">\n\t\t\t\t<div class=\"elementor-widget-container\">\n\t\t\t\t\t\t\t\t\t\t\t\t\t\t\t<img loading=\"lazy\" decoding=\"async\" width=\"512\" height=\"512\" src=\"https:\/\/agroeco-project.eu\/wp-content\/uploads\/2023\/07\/manual-1.png\" class=\"attachment-large size-large wp-image-2079\" alt=\"\" \/>\t\t\t\t\t\t\t\t\t\t\t\t\t\t\t<\/div>\n\t\t\t\t<\/div>\n\t\t\t\t<\/div>\n\t\t<div class=\"has_eae_slider elementor-element elementor-element-6274567 e-con-full e-flex e-con e-child\" data-eae-slider=\"73507\" data-id=\"6274567\" data-element_type=\"container\" data-e-type=\"container\">\n\t\t\t\t<div class=\"elementor-element elementor-element-ff850d4 elementor-widget elementor-widget-button\" data-id=\"ff850d4\" data-element_type=\"widget\" data-e-type=\"widget\" data-widget_type=\"button.default\">\n\t\t\t\t<div class=\"elementor-widget-container\">\n\t\t\t\t\t\t\t\t\t<div class=\"elementor-button-wrapper\">\n\t\t\t\t\t<a class=\"elementor-button elementor-button-link elementor-size-sm\" href=\"https:\/\/agroeco-project.eu\/wp-content\/uploads\/2025\/10\/AGROECO-HANDBOOK-FINNISH.pdf\" target=\"_blank\">\n\t\t\t\t\t\t<span class=\"elementor-button-content-wrapper\">\n\t\t\t\t\t\t\t\t\t<span class=\"elementor-button-text\">Lataa k\u00e4sikirja<\/span>\n\t\t\t\t\t<\/span>\n\t\t\t\t\t<\/a>\n\t\t\t\t<\/div>\n\t\t\t\t\t\t\t\t<\/div>\n\t\t\t\t<\/div>\n\t\t\t\t<\/div>\n\t\t\t\t<div class=\"elementor-element elementor-element-4c96686 elementor-widget elementor-widget-text-editor\" data-id=\"4c96686\" data-element_type=\"widget\" data-e-type=\"widget\" data-widget_type=\"text-editor.default\">\n\t\t\t\t<div class=\"elementor-widget-container\">\n\t\t\t\t\t\t\t\t\t<p><strong>K\u00e4sikirja<\/strong><\/p><p><em><u>Integroiva resurssi:<\/u><\/em> K\u00e4sikirja on kooste, joka sis\u00e4lt\u00e4\u00e4 kansalliset ja hyvi\u00e4 k\u00e4yt\u00e4nt\u00f6j\u00e4 koskevat raportit sek\u00e4 koulutusmuodon. Se on suunniteltu kaiken kattavaksi oppimisv\u00e4lineeksi nuorisoty\u00f6ntekij\u00f6ille.<\/p><p><em><u>Keskittyminen agroekologiaan:<\/u><\/em> K\u00e4sikirja on suunnattu nuorisoty\u00f6ntekij\u00f6ille, jotka ty\u00f6skentelev\u00e4t ty\u00f6tt\u00f6mien ja NEET-nuorten parissa, ja siin\u00e4 keskityt\u00e4\u00e4n agroekologisten taitojen kehitt\u00e4miseen, mik\u00e4 tarjoaa arvokkaan resurssin koulutusta ja kehitt\u00e4mist\u00e4 varten.<\/p>\t\t\t\t\t\t\t\t<\/div>\n\t\t\t\t<\/div>\n\t\t\t\t\t<\/div>\n\t\t\t\t<\/div>\n\t\t\t\t\t<\/div>\n\t\t<\/div>\n\t\t\t\t\t<\/div>\n\t\t<\/section>\n\t\t\t\t<\/div>","protected":false},"excerpt":{"rendered":"<p>Tavoitteet Suomen, Italian, Marokon ja Egyptin maaseutuyhteis\u00f6jen syd\u00e4mess\u00e4 avautuu tarina muutoksesta ja voimaantumisesta. AGROECO on enemm\u00e4n kuin hanke,...<\/p>","protected":false},"author":1,"featured_media":0,"parent":0,"menu_order":0,"comment_status":"closed","ping_status":"closed","template":"","meta":{"footnotes":""},"class_list":["post-1532","page","type-page","status-publish","hentry"],"_links":{"self":[{"href":"https:\/\/agroeco-project.eu\/fi\/wp-json\/wp\/v2\/pages\/1532","targetHints":{"allow":["GET"]}}],"collection":[{"href":"https:\/\/agroeco-project.eu\/fi\/wp-json\/wp\/v2\/pages"}],"about":[{"href":"https:\/\/agroeco-project.eu\/fi\/wp-json\/wp\/v2\/types\/page"}],"author":[{"embeddable":true,"href":"https:\/\/agroeco-project.eu\/fi\/wp-json\/wp\/v2\/users\/1"}],"replies":[{"embeddable":true,"href":"https:\/\/agroeco-project.eu\/fi\/wp-json\/wp\/v2\/comments?post=1532"}],"version-history":[{"count":44,"href":"https:\/\/agroeco-project.eu\/fi\/wp-json\/wp\/v2\/pages\/1532\/revisions"}],"predecessor-version":[{"id":2556,"href":"https:\/\/agroeco-project.eu\/fi\/wp-json\/wp\/v2\/pages\/1532\/revisions\/2556"}],"wp:attachment":[{"href":"https:\/\/agroeco-project.eu\/fi\/wp-json\/wp\/v2\/media?parent=1532"}],"curies":[{"name":"wp","href":"https:\/\/api.w.org\/{rel}","templated":true}]}}