{"id":1957,"date":"2023-06-27T12:27:29","date_gmt":"2023-06-27T12:27:29","guid":{"rendered":"https:\/\/29e4aaa2-b025-48da-b57e-79ef59e549ee.eu02.conves.io\/?page_id=1957"},"modified":"2025-08-24T16:29:18","modified_gmt":"2025-08-24T16:29:18","slug":"privay-policy","status":"publish","type":"page","link":"https:\/\/agroeco-project.eu\/fi\/privay-policy\/","title":{"rendered":"Yksityisyyden suojaa koskeva politiikka"},"content":{"rendered":"<div data-elementor-type=\"wp-page\" data-elementor-id=\"1957\" class=\"elementor elementor-1957\">\n\t\t\t\t\t\t<section class=\"has_eae_slider elementor-section elementor-top-section elementor-element elementor-element-88ec2ca elementor-section-boxed elementor-section-height-default elementor-section-height-default\" data-eae-slider=\"26140\" data-id=\"88ec2ca\" data-element_type=\"section\" data-e-type=\"section\">\n\t\t\t\t\t\t<div class=\"elementor-container elementor-column-gap-default\">\n\t\t\t\t\t<div class=\"has_eae_slider elementor-column elementor-col-100 elementor-top-column elementor-element elementor-element-c785541\" data-eae-slider=\"11912\" data-id=\"c785541\" data-element_type=\"column\" data-e-type=\"column\">\n\t\t\t<div class=\"elementor-widget-wrap elementor-element-populated\">\n\t\t\t\t\t\t<div class=\"elementor-element elementor-element-9805bfa elementor-widget elementor-widget-heading\" data-id=\"9805bfa\" data-element_type=\"widget\" data-e-type=\"widget\" data-widget_type=\"heading.default\">\n\t\t\t\t<div class=\"elementor-widget-container\">\n\t\t\t\t\t<h2 class=\"elementor-heading-title elementor-size-default\">Tietosuojak\u00e4yt\u00e4nt\u00f6<\/h2>\t\t\t\t<\/div>\n\t\t\t\t<\/div>\n\t\t\t\t\t<\/div>\n\t\t<\/div>\n\t\t\t\t\t<\/div>\n\t\t<\/section>\n\t\t\t\t<section class=\"has_eae_slider elementor-section elementor-top-section elementor-element elementor-element-6dee5ae elementor-section-full_width elementor-section-height-default elementor-section-height-default\" data-eae-slider=\"25202\" data-id=\"6dee5ae\" data-element_type=\"section\" data-e-type=\"section\" data-settings=\"{&quot;background_background&quot;:&quot;classic&quot;}\">\n\t\t\t\t\t\t<div class=\"elementor-container elementor-column-gap-default\">\n\t\t\t\t\t<div class=\"has_eae_slider elementor-column elementor-col-100 elementor-top-column elementor-element elementor-element-0a0ee8f\" data-eae-slider=\"626\" data-id=\"0a0ee8f\" data-element_type=\"column\" data-e-type=\"column\">\n\t\t\t<div class=\"elementor-widget-wrap elementor-element-populated\">\n\t\t\t\t\t\t<div class=\"elementor-element elementor-element-752c821 elementor-widget elementor-widget-text-editor\" data-id=\"752c821\" data-element_type=\"widget\" data-e-type=\"widget\" data-widget_type=\"text-editor.default\">\n\t\t\t\t<div class=\"elementor-widget-container\">\n\t\t\t\t\t\t\t\t\t<p>klo <b>AGROECO<\/b>olemme sitoutuneet suojelemaan yksityisyytt\u00e4si ja k\u00e4sittelem\u00e4\u00e4n henkil\u00f6tietojasi laillisesti, oikeudenmukaisesti ja l\u00e4pin\u00e4kyv\u00e4sti seuraavien lakien mukaisesti<b> Yleinen tietosuoja-asetus (EU) 2016\/679 (GDPR) <\/b>ja muita sovellettavia tietosuojalakeja.&nbsp;<\/p>\n<p>T\u00e4ss\u00e4 tietosuojak\u00e4yt\u00e4nn\u00f6ss\u00e4 selitet\u00e4\u00e4n, miten ker\u00e4\u00e4mme, k\u00e4yt\u00e4mme, s\u00e4ilyt\u00e4mme ja suojaamme henkil\u00f6tietojasi, kun k\u00e4yt\u00e4t verkkosivustoamme.&nbsp;<\/p>\n<h4><b>1. Rekisterinpit\u00e4j\u00e4&nbsp;<\/b><\/h4>\n<p>Rekisterinpit\u00e4j\u00e4, joka vastaa henkil\u00f6tietojesi k\u00e4sittelyst\u00e4 t\u00e4ll\u00e4 verkkosivustolla, on:&nbsp;<\/p>\n<p><b>PUNTLANDIN YHTEIS\u00d6&nbsp;<\/b><\/p>\n<p><b>Osoite: <\/b>PUNTLAND COMMUNITY, KAUPPAKARTANONKATU 7 A 84 Helsinki\/Suomi&nbsp;<\/p>\n<p><b>S\u00e4hk\u00f6posti:<\/b> info@puntland-community.net&nbsp;<\/p>\n<p>Jos sinulla on kysytt\u00e4v\u00e4\u00e4 tiedoistasi tai haluat k\u00e4ytt\u00e4\u00e4 GDPR:n mukaisia oikeuksiasi, voit ottaa meihin yhteytt\u00e4 yll\u00e4 olevilla tiedoilla.&nbsp;<\/p>\n<h4><b>2. Ker\u00e4ttyjen tietojen luokat&nbsp;<\/b><\/h4>\n<p>Voimme ker\u00e4t\u00e4 seuraavia tietoluokkia:&nbsp;<\/p>\n<ul>\n<li><b>Selaustiedot:<\/b> IP-osoite, selaimen tyyppi, k\u00e4ytt\u00f6j\u00e4rjestelm\u00e4, p\u00e4iv\u00e4m\u00e4\u00e4r\u00e4 ja kellonaika, k\u00e4ytetyt sivut (ker\u00e4t\u00e4\u00e4n automaattisesti teknisi\u00e4 ja turvallisuustarkoituksia varten).&nbsp;<\/li>\n<li><b>Henkil\u00f6tiedot:<\/b> Etu- ja sukunimi, s\u00e4hk\u00f6postiosoite ja muut tiedot, jotka on vapaaehtoisesti annettu yhteydenotto- tai rekister\u00f6intilomakkeilla.&nbsp;<\/li>\n<li><b>Ev\u00e4steet ja vastaavat tekniikat: <\/b>Ev\u00e4steiden tai vastaavien seurantaty\u00f6kalujen avulla ker\u00e4tyt tiedot (ks. kohta 6).&nbsp;<\/li>\n<\/ul>\n<p>Emme tietoisesti ker\u00e4\u00e4 tietoja alle 16-vuotiailta henkil\u00f6ilt\u00e4. Jos huomaamme, ett\u00e4 t\u00e4llaisia tietoja on ker\u00e4tty ilman vanhempien suostumusta, poistamme ne v\u00e4litt\u00f6m\u00e4sti.&nbsp;<\/p>\n<h4><b>3. Miten ker\u00e4\u00e4mme tietoja&nbsp;<\/b><\/h4>\n<ul>\n<li>Kun selaat verkkosivustoamme.&nbsp;<\/li>\n<li>Kun t\u00e4yt\u00e4t yhteydenotto-, rekister\u00f6inti- tai tilauslomakkeen.&nbsp;<\/li>\n<li>Ev\u00e4steiden ja vastaavien tekniikoiden avulla.&nbsp;<\/li>\n<li>Kun olet vuorovaikutuksessa upotetun kolmannen osapuolen sis\u00e4ll\u00f6n kanssa (esim. videot, kartat).&nbsp;<\/li>\n<\/ul>\n<h4><b>4. K\u00e4sittelyn tarkoitus ja oikeusperusta&nbsp;<\/b><\/h4>\n<p>Henkil\u00f6tietojasi k\u00e4sitell\u00e4\u00e4n seuraaviin tarkoituksiin:&nbsp;<\/p>\n<ul>\n<li><b>Verkkosivuston toimivuuden, turvallisuuden ja suorituskyvyn varmistaminen.<\/b> - k\u00e4sitell\u00e4\u00e4n yleisen tietosuoja-asetuksen 6 artiklan 1 kohdan f alakohdan mukaisesti (oikeutettu etu).&nbsp;<\/li>\n<li><b>Yhteydenotto- tai rekister\u00f6intipyynt\u00f6ihin vastaaminen <\/b>- k\u00e4sitell\u00e4\u00e4n yleisen tietosuoja-asetuksen 6 artiklan 1 kohdan a alakohdan mukaisesti (suostumus).&nbsp;<\/li>\n<li><b>Analysoida verkkosivuston k\u00e4ytt\u00f6\u00e4 ja parantaa k\u00e4ytt\u00e4j\u00e4kokemusta muiden kuin v\u00e4ltt\u00e4m\u00e4tt\u00f6mien ev\u00e4steiden avulla. <\/b>- k\u00e4sitell\u00e4\u00e4n yleisen tietosuoja-asetuksen 6 artiklan 1 kohdan a alakohdan mukaisesti (suostumus).&nbsp;<\/li>\n<li><b>lakis\u00e4\u00e4teisten velvoitteiden noudattaminen, mukaan lukien hallinnolliset ja raportointivaatimukset.<\/b> - k\u00e4sitell\u00e4\u00e4n yleisen tietosuoja-asetuksen 6 artiklan 1 kohdan c alakohdan mukaisesti (oikeudellinen velvoite).&nbsp;<\/li>\n<\/ul>\n<p>Emme k\u00e4yt\u00e4 henkil\u00f6tietojasi automaattiseen p\u00e4\u00e4t\u00f6ksentekoon tai profilointiin.&nbsp;<\/p>\n<h4><b>5. Tietojen s\u00e4ilytysaika&nbsp;<\/b><\/h4>\n<p>Henkil\u00f6tietoja s\u00e4ilytet\u00e4\u00e4n vain niin kauan kuin on tarpeen niiden tarkoitusten t\u00e4ytt\u00e4miseksi, joita varten ne on ker\u00e4tty, ja hankkeen keston mukaisesti.&nbsp;<\/p>\n<p>Henkil\u00f6tiedot poistetaan viimeist\u00e4\u00e4n kahden (2) vuoden kuluttua hankkeen virallisesta p\u00e4\u00e4ttymisest\u00e4, ellei oikeudelliset, hallinnolliset tai tarkastustarkoitukset muuta vaadi.&nbsp;<\/p>\n<h4><b>6. Tietojen jakaminen ja kolmansien osapuolten palvelut&nbsp;<\/b><\/h4>\n<p>K\u00e4yt\u00e4mme ev\u00e4steit\u00e4 parantaaksemme verkkosivustomme toimivuutta, analysoidaksemme k\u00e4ytt\u00f6\u00e4 ja ottaaksemme k\u00e4ytt\u00f6\u00f6n tiettyj\u00e4 ominaisuuksia. Ev\u00e4steet luokitellaan seuraavasti:&nbsp;<\/p>\n<ul>\n<li><b>Ehdottoman v\u00e4ltt\u00e4m\u00e4tt\u00f6m\u00e4t ev\u00e4steet<\/b> - Tarvitaan sivuston toiminnan kannalta (ei voi poistaa k\u00e4yt\u00f6st\u00e4).&nbsp;<\/li>\n<li><b>Toiminnalliset ev\u00e4steet <\/b>- Ota k\u00e4ytt\u00f6\u00f6n lis\u00e4toiminnot ja personointi.&nbsp;<\/li>\n<li><b>Analyyttiset ev\u00e4steet<\/b> - Auttaa meit\u00e4 ymm\u00e4rt\u00e4m\u00e4\u00e4n verkkosivuston liikennett\u00e4 (esim. Google Analytics).&nbsp;<\/li>\n<\/ul>\n<p>Voit hallita ev\u00e4steasetuksiasi ev\u00e4steiden hyv\u00e4ksynt\u00e4ty\u00f6kalun avulla (powered by CookieYes) ja peruuttaa suostumuksesi milloin tahansa.&nbsp;<\/p>\n<h4><b>7. Tietojen jakaminen ja kolmansien osapuolten palvelut&nbsp;<\/b><\/h4>\n<p>Emme myy tai vaihda henkil\u00f6tietojasi. Voimme kuitenkin jakaa niit\u00e4 luotettavien palveluntarjoajien kanssa verkkosivuston toimivuuden varmistamiseksi. N\u00e4it\u00e4 voivat olla mm:&nbsp;<\/p>\n<ul>\n<li>YouTube - Upotetut videot.&nbsp;<\/li>\n<li>Google Analytics \/ WP Statistics - Verkkosivuston analytiikka.&nbsp;<\/li>\n<li>Muut WordPress-liit\u00e4nn\u00e4iset - Sis\u00e4ll\u00f6n toimittaminen ja k\u00e4ytt\u00e4j\u00e4n vuorovaikutus.&nbsp;<\/li>\n<\/ul>\n<p>Jotkin n\u00e4ist\u00e4 palveluntarjoajista saattavat k\u00e4sitell\u00e4 tietoja EU:n\/ETA:n ulkopuolella (esim. Yhdysvalloissa). T\u00e4llaisissa tapauksissa varmistamme GDPR:n noudattamisen seuraavin keinoin:&nbsp;<\/p>\n<ul>\n<li>Euroopan komission tekem\u00e4t riitt\u00e4vyysp\u00e4\u00e4t\u00f6kset, tai&nbsp;<\/li>\n<li>Euroopan komission hyv\u00e4ksym\u00e4t vakiosopimuslausekkeet.&nbsp;<\/li>\n<\/ul>\n<p>Linkit kolmansien osapuolten tietosuojak\u00e4yt\u00e4nt\u00f6ihin:&nbsp;<\/p>\n<ul>\n<li>Google: https:\/\/policies.google.com\/privacy&nbsp;<\/li>\n<li>YouTube: https:\/\/www.youtube.com\/t\/privacy&nbsp;<\/li>\n<\/ul>\n<p><b>&nbsp;<\/b><\/p>\n<h4><b>8. Tietosuojaoikeutesi&nbsp;<\/b><\/h4>\n<p>Sinulla on oikeus:&nbsp;<\/p>\n<ul>\n<li>P\u00e4\u00e4sy henkil\u00f6tietoihin (yleisen tietosuoja-asetuksen 15 artikla).&nbsp;<\/li>\n<li>Oikaista virheelliset tai puutteelliset tiedot (yleisen tietosuoja-asetuksen 16 artikla).&nbsp;<\/li>\n<li>Pyyd\u00e4 tietojesi poistamista (yleisen tietosuoja-asetuksen 17 artikla).&nbsp;<\/li>\n<li>rajoittaa k\u00e4sittely\u00e4 tietyiss\u00e4 olosuhteissa (yleisen tietosuoja-asetuksen 18 artikla).&nbsp;<\/li>\n<li>Vastustaa oikeutettuun etuun perustuvaa k\u00e4sittely\u00e4 (GDPR 21 artikla).&nbsp;<\/li>\n<li>vastaanottaa tietosi siirrett\u00e4v\u00e4ss\u00e4 muodossa (yleisen tietosuoja-asetuksen 20 artikla).&nbsp;<\/li>\n<li>peruuttaa suostumuksen milloin tahansa ilman, ett\u00e4 se vaikuttaa ennen peruuttamista tapahtuneen k\u00e4sittelyn laillisuuteen (yleisen tietosuoja-asetuksen 7 artikla).&nbsp;<\/li>\n<li>Tee valitus kansalliselle tietosuojaviranomaiselle.&nbsp;<\/li>\n<\/ul>\n<p>Voit k\u00e4ytt\u00e4\u00e4 n\u00e4it\u00e4 oikeuksia ottamalla meihin yhteytt\u00e4 kohdassa 1 annettuun s\u00e4hk\u00f6postiosoitteeseen.&nbsp;<\/p>\n<h4><b>9. Turvallisuustoimenpiteet&nbsp;<\/b><\/h4>\n<p>Toteutamme asianmukaisia teknisi\u00e4 ja organisatorisia toimenpiteit\u00e4 varmistaaksemme henkil\u00f6tietojesi turvallisuuden, mukaan lukien salaus (SSL\/TLS), p\u00e4\u00e4synvalvonta ja s\u00e4\u00e4nn\u00f6lliset turvatarkastukset.&nbsp;<\/p>\n<h4><b>10. P\u00e4ivitykset&nbsp;<\/b><\/h4>\n<p>T\u00e4t\u00e4 tietosuojak\u00e4yt\u00e4nt\u00f6\u00e4 voidaan p\u00e4ivitt\u00e4\u00e4 oikeudellisten, teknisten tai toiminnallisten muutosten vuoksi. Kaikki p\u00e4ivitykset julkaistaan t\u00e4ll\u00e4 sivulla.&nbsp;<\/p>\t\t\t\t\t\t\t\t<\/div>\n\t\t\t\t<\/div>\n\t\t\t\t\t<\/div>\n\t\t<\/div>\n\t\t\t\t\t<\/div>\n\t\t<\/section>\n\t\t\t\t<\/div>","protected":false},"excerpt":{"rendered":"<p>Privacy Policy At AGROECO, we are committed to protecting your privacy and processing your personal data lawfully, fairly, and transparently in accordance with the General&hellip;<\/p>","protected":false},"author":1,"featured_media":0,"parent":0,"menu_order":0,"comment_status":"closed","ping_status":"closed","template":"","meta":{"footnotes":""},"class_list":["post-1957","page","type-page","status-publish","hentry"],"_links":{"self":[{"href":"https:\/\/agroeco-project.eu\/fi\/wp-json\/wp\/v2\/pages\/1957","targetHints":{"allow":["GET"]}}],"collection":[{"href":"https:\/\/agroeco-project.eu\/fi\/wp-json\/wp\/v2\/pages"}],"about":[{"href":"https:\/\/agroeco-project.eu\/fi\/wp-json\/wp\/v2\/types\/page"}],"author":[{"embeddable":true,"href":"https:\/\/agroeco-project.eu\/fi\/wp-json\/wp\/v2\/users\/1"}],"replies":[{"embeddable":true,"href":"https:\/\/agroeco-project.eu\/fi\/wp-json\/wp\/v2\/comments?post=1957"}],"version-history":[{"count":26,"href":"https:\/\/agroeco-project.eu\/fi\/wp-json\/wp\/v2\/pages\/1957\/revisions"}],"predecessor-version":[{"id":2534,"href":"https:\/\/agroeco-project.eu\/fi\/wp-json\/wp\/v2\/pages\/1957\/revisions\/2534"}],"wp:attachment":[{"href":"https:\/\/agroeco-project.eu\/fi\/wp-json\/wp\/v2\/media?parent=1957"}],"curies":[{"name":"wp","href":"https:\/\/api.w.org\/{rel}","templated":true}]}}